{"id":49,"date":"2022-03-04T19:39:29","date_gmt":"2022-03-04T19:39:29","guid":{"rendered":"https:\/\/www.ding-dong-serie.de\/?page_id=49"},"modified":"2022-06-03T15:03:08","modified_gmt":"2022-06-03T15:03:08","slug":"jan-hendrik-2","status":"publish","type":"page","link":"https:\/\/www.ding-dong-serie.de\/?page_id=49","title":{"rendered":"Jan-Hendrik (2)"},"content":{"rendered":"<p>Mag gern Erdn\u00fcsse, Haseln\u00fcsse, Waln\u00fcsse, Mandeln, Macadamia-N\u00fcsse, Pekann\u00fcsse, Cashews, Pistazien, Paran\u00fcsse, Maronen, Kokosn\u00fcsse, Pinienkerne und Annika. Vor allem Annika. Hamsa aber auch.<\/p>\n","protected":false},"excerpt":{"rendered":"<p>Mag gern Erdn\u00fcsse, Haseln\u00fcsse, Waln\u00fcsse, Mandeln, Macadamia-N\u00fcsse, Pekann\u00fcsse, Cashews, Pistazien, Paran\u00fcsse, Maronen, Kokosn\u00fcsse, Pinienkerne und Annika. Vor allem Annika. Hamsa aber auch.<\/p>\n","protected":false},"author":1,"featured_media":50,"parent":0,"menu_order":0,"comment_status":"closed","ping_status":"closed","template":"","meta":{"footnotes":""},"class_list":["post-49","page","type-page","status-publish","has-post-thumbnail","hentry"],"_links":{"self":[{"href":"https:\/\/www.ding-dong-serie.de\/index.php?rest_route=\/wp\/v2\/pages\/49","targetHints":{"allow":["GET"]}}],"collection":[{"href":"https:\/\/www.ding-dong-serie.de\/index.php?rest_route=\/wp\/v2\/pages"}],"about":[{"href":"https:\/\/www.ding-dong-serie.de\/index.php?rest_route=\/wp\/v2\/types\/page"}],"author":[{"embeddable":true,"href":"https:\/\/www.ding-dong-serie.de\/index.php?rest_route=\/wp\/v2\/users\/1"}],"replies":[{"embeddable":true,"href":"https:\/\/www.ding-dong-serie.de\/index.php?rest_route=%2Fwp%2Fv2%2Fcomments&post=49"}],"version-history":[{"count":5,"href":"https:\/\/www.ding-dong-serie.de\/index.php?rest_route=\/wp\/v2\/pages\/49\/revisions"}],"predecessor-version":[{"id":87,"href":"https:\/\/www.ding-dong-serie.de\/index.php?rest_route=\/wp\/v2\/pages\/49\/revisions\/87"}],"wp:featuredmedia":[{"embeddable":true,"href":"https:\/\/www.ding-dong-serie.de\/index.php?rest_route=\/wp\/v2\/media\/50"}],"wp:attachment":[{"href":"https:\/\/www.ding-dong-serie.de\/index.php?rest_route=%2Fwp%2Fv2%2Fmedia&parent=49"}],"curies":[{"name":"wp","href":"https:\/\/api.w.org\/{rel}","templated":true}]}}