{"id":44,"date":"2022-03-04T19:32:50","date_gmt":"2022-03-04T19:32:50","guid":{"rendered":"https:\/\/www.ding-dong-serie.de\/?page_id=44"},"modified":"2022-06-03T15:07:02","modified_gmt":"2022-06-03T15:07:02","slug":"hamsa-39","status":"publish","type":"page","link":"https:\/\/www.ding-dong-serie.de\/?page_id=44","title":{"rendered":"Hamsa (39)"},"content":{"rendered":"<p>Sie gibt regelm\u00e4\u00dfig Achtsamkeitskurse im Schwarzwald, wo sie gestressten Hipstern das B\u00e4ume-Umarmen beibringt, das Schambein klopft, um zu sich selbst zu finden und tolle Hausaufgaben zur Selbstreinigung aufgibt.<\/p>\n","protected":false},"excerpt":{"rendered":"<p>Sie gibt regelm\u00e4\u00dfig Achtsamkeitskurse im Schwarzwald, wo sie gestressten Hipstern das B\u00e4ume-Umarmen beibringt, das Schambein klopft, um zu sich selbst zu finden und tolle Hausaufgaben zur Selbstreinigung aufgibt.<\/p>\n","protected":false},"author":1,"featured_media":35,"parent":0,"menu_order":0,"comment_status":"closed","ping_status":"closed","template":"","meta":{"footnotes":""},"class_list":["post-44","page","type-page","status-publish","has-post-thumbnail","hentry"],"_links":{"self":[{"href":"https:\/\/www.ding-dong-serie.de\/index.php?rest_route=\/wp\/v2\/pages\/44","targetHints":{"allow":["GET"]}}],"collection":[{"href":"https:\/\/www.ding-dong-serie.de\/index.php?rest_route=\/wp\/v2\/pages"}],"about":[{"href":"https:\/\/www.ding-dong-serie.de\/index.php?rest_route=\/wp\/v2\/types\/page"}],"author":[{"embeddable":true,"href":"https:\/\/www.ding-dong-serie.de\/index.php?rest_route=\/wp\/v2\/users\/1"}],"replies":[{"embeddable":true,"href":"https:\/\/www.ding-dong-serie.de\/index.php?rest_route=%2Fwp%2Fv2%2Fcomments&post=44"}],"version-history":[{"count":3,"href":"https:\/\/www.ding-dong-serie.de\/index.php?rest_route=\/wp\/v2\/pages\/44\/revisions"}],"predecessor-version":[{"id":91,"href":"https:\/\/www.ding-dong-serie.de\/index.php?rest_route=\/wp\/v2\/pages\/44\/revisions\/91"}],"wp:featuredmedia":[{"embeddable":true,"href":"https:\/\/www.ding-dong-serie.de\/index.php?rest_route=\/wp\/v2\/media\/35"}],"wp:attachment":[{"href":"https:\/\/www.ding-dong-serie.de\/index.php?rest_route=%2Fwp%2Fv2%2Fmedia&parent=44"}],"curies":[{"name":"wp","href":"https:\/\/api.w.org\/{rel}","templated":true}]}}